{"id":10,"date":"2026-03-02T12:56:36","date_gmt":"2026-03-02T10:56:36","guid":{"rendered":"http:\/\/kiplox.vl28855.dinaserver.com\/legal-notice\/"},"modified":"2026-04-01T15:51:24","modified_gmt":"2026-04-01T13:51:24","slug":"avis-legal","status":"publish","type":"page","link":"https:\/\/kiplox.com\/ca\/avis-legal\/","title":{"rendered":"Avis Legal"},"content":{"rendered":"\n<h1 class=\"wp-block-heading\">Avis Legal<\/h1>\n\n\n<div id=\"inner_content-11-300\" class=\"ct-inner-content\">\n<h2 class=\"wp-block-heading\" style=\"text-transform: uppercase;\">Dades fiscals<\/h2>\n<p>Titular: Kiplox<br \/>NIF: 41009986C<br \/>Adre\u00e7a: Matar\u00f3 - Barcelona<br \/>Tel\u00e8fon: [ltw_phone]<\/p>\n<h2 class=\"wp-block-heading\" style=\"text-transform: uppercase;\">Protecci\u00f3 de dades personals<\/h2>\n<p>Les dades de car\u00e0cter personal que es recullen a trav\u00e9s de la p\u00e0gina web, s\u00f3n \u00fanicament utilitzades a efectes de prestar els serveis sol\u00b7licitats aix\u00ed com procedir a la facturaci\u00f3 dels mateixos. Les seves dades seran ubicades en fitxers titularitat de Kiplox a efectes de facturaci\u00f3 i seran arxivades pel per\u00edode de temps legalment necessari. Vost\u00e8 podr\u00e0 exercir els drets d&#8217;acc\u00e9s, rectificaci\u00f3, cancel\u00b7laci\u00f3 i oposici\u00f3 per escrit a Kiplox a Matar\u00f3 - Barcelona.<\/p>\n<h2 class=\"wp-block-heading\" style=\"text-transform: uppercase;\">Propietat intel\u00b7lectual i responsabilitat sobre els continguts<\/h2>\n<p>Queda prohibit qualsevol \u00fas de tots els continguts de la p\u00e0gina web, concretament sobre els textos, disseny i codi font, sense l&#8217;autoritzaci\u00f3 expressa dels seus titulars. Qualsevol \u00fas no perm\u00e8s ser\u00e0 degudament perseguit pels leg\u00edtims propietaris.<\/p>\n<p>El titular de la p\u00e0gina web no es fa responsable dels continguts als quals es dirigeixen els enlla\u00e7os ubicats en aquesta, segons el que estableix l&#8217;article 17 de la LSSICE.<\/p>\n<\/div>","protected":false},"excerpt":{"rendered":"<p>Avis Legal Dades fiscals Titular: NIF: Adre\u00e7a: Tel\u00e8fon: [ltw_phone] Protecci\u00f3 de dades personals Les dades de car\u00e0cter personal que es recullen a trav\u00e9s de la p\u00e0gina web, s\u00f3n \u00fanicament utilitzades a efectes de prestar els serveis sol\u00b7licitats aix\u00ed com procedir a la facturaci\u00f3 dels mateixos. Les seves dades seran ubicades en fitxers titularitat de a [&hellip;]<\/p>\n","protected":false},"author":2,"featured_media":0,"parent":0,"menu_order":0,"comment_status":"closed","ping_status":"closed","template":"","meta":{"_acf_changed":false,"footnotes":""},"class_list":["post-10","page","type-page","status-publish","hentry"],"acf":[],"_links":{"self":[{"href":"https:\/\/kiplox.com\/ca\/wp-json\/wp\/v2\/pages\/10","targetHints":{"allow":["GET"]}}],"collection":[{"href":"https:\/\/kiplox.com\/ca\/wp-json\/wp\/v2\/pages"}],"about":[{"href":"https:\/\/kiplox.com\/ca\/wp-json\/wp\/v2\/types\/page"}],"author":[{"embeddable":true,"href":"https:\/\/kiplox.com\/ca\/wp-json\/wp\/v2\/users\/2"}],"replies":[{"embeddable":true,"href":"https:\/\/kiplox.com\/ca\/wp-json\/wp\/v2\/comments?post=10"}],"version-history":[{"count":3,"href":"https:\/\/kiplox.com\/ca\/wp-json\/wp\/v2\/pages\/10\/revisions"}],"predecessor-version":[{"id":234,"href":"https:\/\/kiplox.com\/ca\/wp-json\/wp\/v2\/pages\/10\/revisions\/234"}],"wp:attachment":[{"href":"https:\/\/kiplox.com\/ca\/wp-json\/wp\/v2\/media?parent=10"}],"curies":[{"name":"wp","href":"https:\/\/api.w.org\/{rel}","templated":true}]}}