{"id":11,"date":"2026-03-02T12:56:36","date_gmt":"2026-03-02T10:56:36","guid":{"rendered":"http:\/\/kiplox.vl28855.dinaserver.com\/privacy-policy\/"},"modified":"2026-04-01T15:51:23","modified_gmt":"2026-04-01T13:51:23","slug":"politica-de-privadesa-2","status":"publish","type":"page","link":"https:\/\/kiplox.com\/ca\/politica-de-privadesa-2\/","title":{"rendered":"Pol\u00edtica de privadesa"},"content":{"rendered":"\n<h1 class=\"wp-block-heading\">Pol\u00edtica de privadesa<\/h1>\n\n\n<div id=\"inner_content-11-300\" class=\"ct-inner-content\">\n<p>La confidencialitat i la seguretat s\u00f3n valors primordials de Kiplox i, en conseq\u00fc\u00e8ncia, assumim el comprom\u00eds de garantir la privacitat de l&#8217;Usuari en tot moment i de no recaptar informaci\u00f3 innecess\u00e0ria. A continuaci\u00f3, li proporcionem tota la informaci\u00f3 necess\u00e0ria sobre la nostra Pol\u00edtica de Privacitat en relaci\u00f3 amb les dades personals que recaptem, explicant-li:<\/p>\n<ul>\n<li>Qui \u00e9s el responsable del tractament de les seves dades.<\/li>\n<li>Per a quines finalitats recaptem les dades que li sol\u00b7licitem.<\/li>\n<li>Quina \u00e9s la legitimaci\u00f3 per al seu tractament.<\/li>\n<li>Durant quant de temps les conservem.<\/li>\n<li>A quins destinataris es comuniquen les seves dades.<\/li>\n<li>Quins s\u00f3n els seus drets.<\/li>\n<\/ul>\n<h2 class=\"wp-block-heading\">1. Responsable:<\/h2>\n<p>Nom fiscal: Kiplox<\/p>\n<p>Matar\u00f3 - Barcelona<br \/>e-mail: contacto@kiplox.com<\/p>\n<h2 class=\"wp-block-heading\">2. Finalitats, legitimaci\u00f3 i conservaci\u00f3 dels tractaments de les dades enviades a trav\u00e9s de:<\/h2>\n<ul>\n<li>FORMULARI DE CONTACTE. Finalitat: Facilitar-li un mitj\u00e0 perqu\u00e8 pugui posar-se en contacte amb nosaltres i contestar a les seves sol\u00b7licituds d&#8217;informaci\u00f3, aix\u00ed com enviar-li comunicacions dels nostres productes, serveis i activitats, inclusivament per mitjans electr\u00f2nics (Correu electr\u00f2nic, SMS, WhatsApp), si marca la casella d&#8217;acceptaci\u00f3. Legitimaci\u00f3: El consentiment de l&#8217;usuari en sol\u00b7licitar-nos informaci\u00f3 a trav\u00e9s del nostre formulari de contactes i en marcar la casella d&#8217;acceptaci\u00f3 d&#8217;enviament d&#8217;informaci\u00f3. Conservaci\u00f3: Un cop resolta la seva sol\u00b7licitud per mitj\u00e0 del nostre formulari o contestada per correu electr\u00f2nic, si no ha generat un nou tractament, i en cas d&#8217;haver acceptat rebre enviaments comercials, fins que sol\u00b7liciti la baixa dels mateixos.<\/li>\n<li>ENVIAMENT DE CORREUS ELECTR\u00d2NICS. Finalitat: Contestar a les seves sol\u00b7licituds d&#8217;informaci\u00f3, atendre les seves peticions i respondre les seves consultes o dubtes. Legitimaci\u00f3: El consentiment de l&#8217;usuari en sol\u00b7licitar-nos informaci\u00f3 a trav\u00e9s de l&#8217;adre\u00e7a de correu electr\u00f2nic. Conservaci\u00f3: Un cop resolta contestada la seva petici\u00f3 per correu electr\u00f2nic, si no ha generat un nou tractament.<\/li>\n<li>ENVIAMENT DEL CURR\u00cdCULUM VITAE PER CORREU ELECTR\u00d2NIC Finalitat: Disposar del seu curr\u00edculum per participar en els nostres processos de selecci\u00f3 de personal. Legitimaci\u00f3: El consentiment de l&#8217;usuari en remetre&#8217;ns la seva informaci\u00f3 personal i curr\u00edculum per als nostres processos de selecci\u00f3 de personal. Conservaci\u00f3: Durant el desenvolupament dels processos de selecci\u00f3 de personal oberts i durant 1 any per a futurs processos.<\/li>\n<\/ul>\n<h2 class=\"wp-block-heading\">3. Destinataris de les seves dades<\/h2>\n<p>Les seves dades s\u00f3n confidencials i no es cediran a tercers, excepte que existeixi obligaci\u00f3 legal.<\/p>\n<h2 class=\"wp-block-heading\">4. Drets en relaci\u00f3 amb les seves dades personals<\/h2>\n<p>Qualsevol persona pot retirar el seu consentiment en qualsevol moment, quan el mateix s&#8217;hagi atorgat per al tractament de les seves dades. En cap cas, la retirada d&#8217;aquest consentiment condiciona l&#8217;execuci\u00f3 del contracte de subscripci\u00f3 o les relacions generades amb anterioritat.<\/p>\n<p>Igualment, pot exercir els seg\u00fcents drets:<\/p>\n<ul>\n<li>Sol\u00b7licitar l&#8217;acc\u00e9s a les seves dades personals o la seva rectificaci\u00f3 quan siguin inexactes.<\/li>\n<li>Sol\u00b7licitar la seva supressi\u00f3 quan, entre altres motius, les dades ja no siguin necess\u00e0ries per a les finalitats per a les quals van ser recollides.<\/li>\n<li>Sol\u00b7licitar la limitaci\u00f3 del seu tractament en determinades circumst\u00e0ncies.<\/li>\n<li>Sol\u00b7licitar l&#8217;oposici\u00f3 al tractament de les seves dades per motius relacionats amb la seva situaci\u00f3 particular.<\/li>\n<li>Sol\u00b7licitar la portabilitat de les dades en els casos previstos en la normativa.<\/li>\n<li>Altres drets reconeguts en les normatives aplicables.<\/li>\n<\/ul>\n<p>On i com sol\u00b7licitar els seus Drets: Mitjan\u00e7ant un escrit dirigit al responsable a la seva adre\u00e7a postal o electr\u00f2nica (indicades en l&#8217;apartat A), indicant la refer\u00e8ncia &#8220;Dades Personals&#8221;, especificant el dret que es vol exercir i respecte a quines dades personals.<\/p>\n<p>En cas de diverg\u00e8ncies amb l&#8217;empresa en relaci\u00f3 amb el tractament de les seves dades, pot presentar una reclamaci\u00f3 davant l&#8217;Autoritat de Protecci\u00f3 de Dades (<a href=\"https:\/\/www.agpd.es\/\" target=\"_blank\" rel=\"noopener\">www.agpd.es<\/a>).<\/p>\n<h2 class=\"wp-block-heading\">5. Cookies<\/h2>\n<p>Aquesta p\u00e0gina web, \u00fanicament utilitza cookies t\u00e8cniques, de personalitzaci\u00f3 i an\u00e0lisi, pr\u00f2pies i de tercers (Google Analytics), que en cap cas tracten dades de car\u00e0cter personal ni capten h\u00e0bits de navegaci\u00f3 per a fins publicitaris.<\/p>\n<p>Per aix\u00f2, en accedir a la nostra web, en compliment de l&#8217;article 22 de la Llei de Serveis de la Societat de la Informaci\u00f3, en tractar cookies d&#8217;an\u00e0lisi, li hem sol\u00b7licitat el seu consentiment per al seu \u00fas i facilitat informaci\u00f3 de les mateixes, que en tot cas s&#8217;instal\u00b7laran passat un termini de temps prudencial perqu\u00e8 l&#8217;usuari tingui temps de decidir prestar el seu consentiment o no.<\/p>\n<h2 class=\"wp-block-heading\">6. Seguretat de les seves dades personals<\/h2>\n<p>Amb l&#8217;objectiu de salvaguardar la seguretat de les seves dades personals, li informem que hem adoptat totes les mesures d&#8217;\u00edndole t\u00e8cnica i organitzativa necess\u00e0ries per garantir la seguretat de les dades personals subministrades de la seva alteraci\u00f3, p\u00e8rdua, i tractaments o accessos no autoritzats.<\/p>\n<h2 class=\"wp-block-heading\">7. Actualitzaci\u00f3 de les seves dades<\/h2>\n<p>\u00c9s important que per a qu\u00e8 puguem mantenir les seves dades personals actualitzades, ens informi sempre que hi hagi hagut alguna modificaci\u00f3 en elles, en cas contrari, no responem de la veracitat de les mateixes.<\/p>\n<p>No ens fem responsables de la pol\u00edtica de privacitat respecte a les dades personals que pugui facilitar a tercers per mitj\u00e0 dels enlla\u00e7os disponibles a la nostra p\u00e0gina web.<\/p>\n<p>La present Pol\u00edtica de Privacitat pot ser modificada per adaptar-les als canvis que es produeixi a la nostra web, aix\u00ed com modificacions legislatives o jurisprudencials sobre dades personals que vagin apareixent, per la qual cosa exigeix la seva lectura, cada vegada que ens faciliti les seves dades a trav\u00e9s d&#8217;aquesta Web.<\/p>\n<\/div>\n\n\n<p><\/p>\n","protected":false},"excerpt":{"rendered":"<p>Pol\u00edtica de privadesa La confidencialitat i la seguretat s\u00f3n valors primordials de i, en conseq\u00fc\u00e8ncia, assumim el comprom\u00eds de garantir la privacitat de l&#8217;Usuari en tot moment i de no recaptar informaci\u00f3 innecess\u00e0ria. A continuaci\u00f3, li proporcionem tota la informaci\u00f3 necess\u00e0ria sobre la nostra Pol\u00edtica de Privacitat en relaci\u00f3 amb les dades personals que recaptem, [&hellip;]<\/p>\n","protected":false},"author":2,"featured_media":0,"parent":0,"menu_order":0,"comment_status":"closed","ping_status":"closed","template":"","meta":{"_acf_changed":false,"footnotes":""},"class_list":["post-11","page","type-page","status-publish","hentry"],"acf":[],"_links":{"self":[{"href":"https:\/\/kiplox.com\/ca\/wp-json\/wp\/v2\/pages\/11","targetHints":{"allow":["GET"]}}],"collection":[{"href":"https:\/\/kiplox.com\/ca\/wp-json\/wp\/v2\/pages"}],"about":[{"href":"https:\/\/kiplox.com\/ca\/wp-json\/wp\/v2\/types\/page"}],"author":[{"embeddable":true,"href":"https:\/\/kiplox.com\/ca\/wp-json\/wp\/v2\/users\/2"}],"replies":[{"embeddable":true,"href":"https:\/\/kiplox.com\/ca\/wp-json\/wp\/v2\/comments?post=11"}],"version-history":[{"count":2,"href":"https:\/\/kiplox.com\/ca\/wp-json\/wp\/v2\/pages\/11\/revisions"}],"predecessor-version":[{"id":233,"href":"https:\/\/kiplox.com\/ca\/wp-json\/wp\/v2\/pages\/11\/revisions\/233"}],"wp:attachment":[{"href":"https:\/\/kiplox.com\/ca\/wp-json\/wp\/v2\/media?parent=11"}],"curies":[{"name":"wp","href":"https:\/\/api.w.org\/{rel}","templated":true}]}}