{"id":235,"date":"2026-03-02T17:22:48","date_gmt":"2026-03-02T15:22:48","guid":{"rendered":"http:\/\/kiplox.vl28855.dinaserver.com\/?page_id=235"},"modified":"2026-04-01T16:05:12","modified_gmt":"2026-04-01T14:05:12","slug":"accesibilitat","status":"publish","type":"page","link":"https:\/\/kiplox.com\/ca\/accesibilitat\/","title":{"rendered":"Accesibilitat"},"content":{"rendered":"\n<h1 class=\"wp-block-heading\">Accesibilitat<\/h1>\n\n\n\n<p><strong>DECLARACI\u00d3 D&#8217;ACCESSIBILITAT<\/strong><\/p>\n\n\n\n<p>Aquesta declaraci\u00f3 d&#8217;accessibilitat s&#8217;aplica al lloc web&nbsp;kiplox&nbsp;(els subdominis daquest lloc web tindran les seves pr\u00f2pies declaracions daccessibilitat).<\/p>\n\n\n\n<p><strong>Situaci\u00f3 de compliment<\/strong><\/p>\n\n\n\n<p>Aquest lloc web \u00e9s parcialment conforme amb el Reial Decret 1112\/2018, de 7 de setembre, a causa de la manca de conformitat dels aspectes que s&#8217;indiquen a continuaci\u00f3.<\/p>\n\n\n\n<p><strong>Contingut no accessible<\/strong>\u00a0El contingut que es recull a continuaci\u00f3 no \u00e9s accessible pel seg\u00fcent:<\/p>\n\n\n\n<ol class=\"wp-block-list\">\n<li>Manca de conformitat amb el Reial Decret 1112\/2018, de 7 de setembre: Podrien existir errors puntuals d&#8217;edici\u00f3 en alguna p\u00e0gina web, tant en continguts HTML com en documents finals, publicats en data posterior al 20 de setembre de 2018 (data d&#8217;entrada en vigor del Reial Decret 1112\/70). Concretament pot haver-hi errors en aquells documents que contenen gr\u00e0fics, taules complexes o en aquells signats electr\u00f2nicament abans de la revisi\u00f3 d&#8217;accessibilitat.<\/li>\n\n\n\n<li>C\u00e0rrega desproporcionada: no aplica.<\/li>\n\n\n\n<li>El contingut\u00a0no entra dins l\u00e0mbit de la legislaci\u00f3\u00a0aplicable: Hi ha arxius ofim\u00e0tics en PDF o altres formats publicats abans del 20 de setembre de 2018 que no compleixen \u00edntegrament tots els requisits daccessibilitat; tamb\u00e9 poden estar en aquesta situaci\u00f3 continguts de tercers no finan\u00e7ats, ni desenvolupats, ni sota control d&#8217;aquest Ministeri.<\/li>\n<\/ol>\n\n\n\n<p><strong>Preparaci\u00f3 d&#8217;aquesta declaraci\u00f3 d&#8217;accessibilitat<\/strong><\/p>\n\n\n\n<p>Aquesta declaraci\u00f3 va ser preparada l&#8217;1 de febrer del 2023.<\/p>\n\n\n\n<p>El m\u00e8tode emprat per preparar la declaraci\u00f3 ha estat una autoavaluaci\u00f3 duta a terme pel mateix organisme.<\/p>\n\n\n\n<p>\u00daltima revisi\u00f3 de la declaraci\u00f3: 2 de febrer de 2023.<\/p>\n\n\n\n<p><strong>Observacions i dades de contacte<\/strong><\/p>\n\n\n\n<p>Podeu realitzar&nbsp;comunicacions&nbsp;sobre requisits d&#8217;accessibilitat (article 10.2.a) del RD 1112\/2018) com per exemple:<\/p>\n\n\n\n<p>informar sobre qualsevol possible&nbsp;incompliment&nbsp;per part daquest lloc web<\/p>\n\n\n\n<p>transmetre altres&nbsp;dificultats d&#8217;acc\u00e9s&nbsp;al contingut<\/p>\n\n\n\n<p>formular qualsevol altra consulta o suggeriment de millora relativa a l&#8217;accessibilitat del lloc web<\/p>\n\n\n\n<p>A trav\u00e9s del correu electr\u00f2nic&nbsp;contacte@kiplox.com o trucant al tel\u00e8fon 685 637 887.<\/p>\n\n\n\n<p><strong>Podeu presentar:<\/strong><\/p>\n\n\n\n<p>una queixa relativa al compliment dels requisits del RD 1112\/2018 o<\/p>\n\n\n\n<p>una Sol\u00b7licitud d&#8217;informaci\u00f3 accessible relativa a:<\/p>\n\n\n\n<p>o&nbsp;continguts&nbsp;que estan&nbsp;exclosos&nbsp;de l&#8217;\u00e0mbit d&#8217;aplicaci\u00f3 del RD 1112\/2018 segons el que estableix l&#8217;article 3, apartat 4<\/p>\n\n\n\n<p>o&nbsp;continguts&nbsp;que estan&nbsp;exempts&nbsp;del&nbsp;compliment&nbsp;dels requisits d&#8217;accessibilitat per imposar una&nbsp;c\u00e0rrega desproporcionada.<\/p>\n\n\n\n<p>Les comunicacions seran rebudes i tractades per Kiplox. com a responsable dels continguts daquest lloc web.<\/p>\n\n\n\n<p>Procediment d&#8217;aplicaci\u00f3<\/p>\n\n\n\n<p>A trav\u00e9s d&#8217;aquest procediment podreu iniciar una reclamaci\u00f3 per con\u00e8ixer i oposar-vos als motius de la desestimaci\u00f3 d&#8217;una sol\u00b7licitud d&#8217;informaci\u00f3 accessible o queixa, instar l&#8217;adopci\u00f3 de les mesures oportunes en cas de no estar d&#8217;acord amb la decisi\u00f3 adoptada, o exposar les raons per les quals es considera que la resposta no compleix els requisits exigits.<\/p>\n\n\n\n<p>Contingut opcional<\/p>\n\n\n\n<p>La versi\u00f3 actualment visible d&#8217;aquest lloc web \u00e9s del gener del 2023 i en aquesta data es va fer la revisi\u00f3 del nivell d&#8217;accessibilitat vigent en aquell moment.<\/p>\n\n\n\n<p>A partir de la data esmentada es duen a terme revisions parcials di\u00e0ries del contingut web nou o modificat, tant de les plantilles com de les p\u00e0gines i documents finals publicats, a fi d&#8217;assegurar el compliment dels requeriments d&#8217;accessibilitat de la Norma UNE-EN 301549:2019, considerant les excepcions del Reial decret 1112\/7 de setembre.<\/p>\n\n\n\n<p>Entre altres, s&#8217;adopten les mesures seg\u00fcents per facilitar l&#8217;accessibilitat:<\/p>\n\n\n\n<p>Utilitzaci\u00f3 de text alternatiu a les imatges<\/p>\n\n\n\n<p>Els enlla\u00e7os ofereixen detalls de la funci\u00f3 o destinaci\u00f3 de l&#8217;hiperenlla\u00e7<\/p>\n\n\n\n<p>\u00das dels est\u00e0ndards del W3C: HTML5, CSS, DOM, SVG.<\/p>\n","protected":false},"excerpt":{"rendered":"<p>Accesibilitat DECLARACI\u00d3 D&#8217;ACCESSIBILITAT Aquesta declaraci\u00f3 d&#8217;accessibilitat s&#8217;aplica al lloc web&nbsp;kiplox&nbsp;(els subdominis daquest lloc web tindran les seves pr\u00f2pies declaracions daccessibilitat). Situaci\u00f3 de compliment Aquest lloc web \u00e9s parcialment conforme amb el Reial Decret 1112\/2018, de 7 de setembre, a causa de la manca de conformitat dels aspectes que s&#8217;indiquen a continuaci\u00f3. Contingut no accessible\u00a0El contingut [&hellip;]<\/p>\n","protected":false},"author":2,"featured_media":0,"parent":0,"menu_order":0,"comment_status":"closed","ping_status":"closed","template":"","meta":{"_acf_changed":false,"footnotes":""},"class_list":["post-235","page","type-page","status-publish","hentry"],"acf":[],"_links":{"self":[{"href":"https:\/\/kiplox.com\/ca\/wp-json\/wp\/v2\/pages\/235","targetHints":{"allow":["GET"]}}],"collection":[{"href":"https:\/\/kiplox.com\/ca\/wp-json\/wp\/v2\/pages"}],"about":[{"href":"https:\/\/kiplox.com\/ca\/wp-json\/wp\/v2\/types\/page"}],"author":[{"embeddable":true,"href":"https:\/\/kiplox.com\/ca\/wp-json\/wp\/v2\/users\/2"}],"replies":[{"embeddable":true,"href":"https:\/\/kiplox.com\/ca\/wp-json\/wp\/v2\/comments?post=235"}],"version-history":[{"count":3,"href":"https:\/\/kiplox.com\/ca\/wp-json\/wp\/v2\/pages\/235\/revisions"}],"predecessor-version":[{"id":244,"href":"https:\/\/kiplox.com\/ca\/wp-json\/wp\/v2\/pages\/235\/revisions\/244"}],"wp:attachment":[{"href":"https:\/\/kiplox.com\/ca\/wp-json\/wp\/v2\/media?parent=235"}],"curies":[{"name":"wp","href":"https:\/\/api.w.org\/{rel}","templated":true}]}}